{"id":1712,"date":"2015-11-18T15:27:09","date_gmt":"2015-11-18T14:27:09","guid":{"rendered":"http:\/\/prestazilla.org\/wordpress\/transargo\/?page_id=1712"},"modified":"2021-04-08T15:26:08","modified_gmt":"2021-04-08T19:26:08","slug":"contact","status":"publish","type":"page","link":"https:\/\/planificationdelareleve.com\/fr\/contact\/","title":{"rendered":"Contact"},"content":{"rendered":"<div class=\"wpb-content-wrapper\"><p>[vc_row gradient_colors=\u00a0\u00bb%5B%7B%7D%5D\u00a0\u00bb css=\u00a0\u00bb.vc_custom_1505766739617{padding-bottom: 50px !important;}\u00a0\u00bb][vc_column][vc_custom_heading text=\u00a0\u00bbLA REL\u00c8VE : UN ENJEU CRUCIAL\u00a0\u00bb font_container=\u00a0\u00bbtag:h2|font_size:36|text_align:center|color:%23222222|line_height:1.5&Prime; google_fonts=\u00a0\u00bbfont_family:Raleway%3A100%2C200%2C300%2Cregular%2C500%2C600%2C700%2C800%2C900|font_style:400%20regular%3A400%3Anormal\u00a0\u00bb css=\u00a0\u00bb.vc_custom_1528302762618{padding-top: 0px !important;padding-bottom: 0px !important;}\u00a0\u00bb][vc_custom_heading text=\u00a0\u00bbContactez-nous d\u00e8s aujourd&rsquo;hui pour d\u00e9marrer<br \/>\nvotre processus de planification de la rel\u00e8ve!\u00a0\u00bb font_container=\u00a0\u00bbtag:h2|font_size:30|text_align:center|color:%231b8292|line_height:1.2&Prime; google_fonts=\u00a0\u00bbfont_family:Raleway%3A100%2C200%2C300%2Cregular%2C500%2C600%2C700%2C800%2C900|font_style:700%20bold%20regular%3A700%3Anormal\u00a0\u00bb css=\u00a0\u00bb.vc_custom_1537807994996{padding-top: 0px !important;padding-bottom: 0px !important;}\u00a0\u00bb][\/vc_column][\/vc_row][vc_row gradient_colors=\u00a0\u00bb%5B%7B%7D%5D\u00a0\u00bb css=\u00a0\u00bb.vc_custom_1505766739617{padding-bottom: 50px !important;}\u00a0\u00bb][vc_column][vc_custom_heading text=\u00a0\u00bb514 947-9134&Prime; font_container=\u00a0\u00bbtag:p|font_size:26|text_align:center|color:%23222222|line_height:1.8&Prime; google_fonts=\u00a0\u00bbfont_family:Merriweather%3A300%2C300italic%2Cregular%2Citalic%2C700%2C700italic%2C900%2C900italic|font_style:300%20light%20italic%3A300%3Aitalic\u00a0\u00bb css_animation=\u00a0\u00bbfadeInUp\u00a0\u00bb css=\u00a0\u00bb.vc_custom_1523320628290{padding-top: 30px !important;padding-bottom: 0px !important;}\u00a0\u00bb][vc_custom_heading text=\u00a0\u00bbinfo@planificationdelareleve.com\u00a0\u00bb font_container=\u00a0\u00bbtag:p|font_size:20|text_align:center|color:%23222222|line_height:1.5&Prime; google_fonts=\u00a0\u00bbfont_family:Merriweather%3A300%2C300italic%2Cregular%2Citalic%2C700%2C700italic%2C900%2C900italic|font_style:300%20light%20italic%3A300%3Aitalic\u00a0\u00bb css_animation=\u00a0\u00bbfadeInUp\u00a0\u00bb css=\u00a0\u00bb.vc_custom_1604251575033{padding-top: 30px !important;padding-bottom: 0px !important;}\u00a0\u00bb link=\u00a0\u00bburl:mailto%3Ainfo%40planificationdelareleve.com|title:info%40planificationdelareleve.com|target:%20_blank|\u00a0\u00bb][\/vc_column][\/vc_row][vc_row content_placement=\u00a0\u00bbmiddle\u00a0\u00bb gradient_colors=\u00a0\u00bb%5B%7B%7D%5D\u00a0\u00bb css=\u00a0\u00bb.vc_custom_1523321184053{padding-bottom: 50px !important;}\u00a0\u00bb][vc_column width=\u00a0\u00bb1\/4&Prime;][\/vc_column][vc_column width=\u00a0\u00bb1\/2&Prime;][vc_btn title=\u00a0\u00bb\u00a0\u00bb shape=\u00a0\u00bbsquare\u00a0\u00bb color=\u00a0\u00bbdefault\u00a0\u00bb size=\u00a0\u00bblg\u00a0\u00bb align=\u00a0\u00bbcenter\u00a0\u00bb i_icon_fontawesome=\u00a0\u00bbfa fa-linkedin\u00a0\u00bb add_icon=\u00a0\u00bbtrue\u00a0\u00bb link=\u00a0\u00bburl:https%3A%2F%2Fwww.linkedin.com%2Fin%2Frichardbelanger%2F|title:Linkedin|target:%20_blank|\u00a0\u00bb][vc_btn title=\u00a0\u00bbOffre de consultation gratuite\u00a0\u00bb shape=\u00a0\u00bbsquare\u00a0\u00bb color=\u00a0\u00bbdefault\u00a0\u00bb align=\u00a0\u00bbcenter\u00a0\u00bb link=\u00a0\u00bburl:https%3A%2F%2Fcalendly.com%2Frbelanger1232%2Fconsultation||target:%20_blank|\u00a0\u00bb][\/vc_column][vc_column width=\u00a0\u00bb1\/4&Prime;][\/vc_column][\/vc_row][vc_row full_width=\u00a0\u00bbstretch_row_content\u00a0\u00bb gradient_colors=\u00a0\u00bb%5B%7B%7D%5D\u00a0\u00bb css=\u00a0\u00bb.vc_custom_1537977383059{background-image: url(http:\/\/planificationdelareleve.com\/wp-content\/uploads\/2018\/09\/cellulaire-message.jpg?id=11820) !important;}\u00a0\u00bb][vc_column gradient_colors=\u00a0\u00bb%5B%7B%7D%5D\u00a0\u00bb]\n<div class=\"wpcf7 no-js\" id=\"wpcf7-f8182-o1\" lang=\"en-US\" dir=\"ltr\" data-wpcf7-id=\"8182\">\n<div class=\"screen-reader-response\"><p role=\"status\" aria-live=\"polite\" aria-atomic=\"true\"><\/p> <ul><\/ul><\/div>\n<form action=\"\/fr\/wp-json\/wp\/v2\/pages\/1712#wpcf7-f8182-o1\" method=\"post\" class=\"wpcf7-form init\" aria-label=\"Contact form\" novalidate=\"novalidate\" data-status=\"init\">\n<fieldset class=\"hidden-fields-container\"><input type=\"hidden\" name=\"_wpcf7\" value=\"8182\" \/><input type=\"hidden\" name=\"_wpcf7_version\" value=\"6.1.5\" \/><input type=\"hidden\" name=\"_wpcf7_locale\" value=\"en_US\" \/><input type=\"hidden\" name=\"_wpcf7_unit_tag\" value=\"wpcf7-f8182-o1\" \/><input type=\"hidden\" name=\"_wpcf7_container_post\" value=\"0\" \/><input type=\"hidden\" name=\"_wpcf7_posted_data_hash\" value=\"\" \/><input type=\"hidden\" name=\"_wpcf7_recaptcha_response\" value=\"\" \/>\n<\/fieldset>\n<div class=\"footer-form\">\n\t<div id=\"footer-form\" class=\"b-form-footer\">\n\t\t<h2 class=\"footer-form-title\">Nous contacter\n\t\t<\/h2>\n\t\t<div class=\"form-group\">\n\t\t\t<div class=\"row\">\n\t\t\t\t<div class=\"col-xs-12 col-sm-12  col-md-12 col-lg-12\">\n\t\t\t\t\t<p><span class=\"wpcf7-form-control-wrap\" data-name=\"your-name\"><input size=\"40\" maxlength=\"400\" class=\"wpcf7-form-control wpcf7-text wpcf7-validates-as-required\" aria-required=\"true\" aria-invalid=\"false\" placeholder=\"Votre nom\" value=\"\" type=\"text\" name=\"your-name\" \/><\/span>\n\t\t\t\t\t<\/p>\n\t\t\t\t<\/div>\n\t\t\t\t<div class=\"col-xs-12 col-sm-12 col-md-12 col-lg-12\">\n\t\t\t\t\t<p><span class=\"wpcf7-form-control-wrap\" data-name=\"email\"><input size=\"40\" maxlength=\"400\" class=\"wpcf7-form-control wpcf7-email wpcf7-validates-as-required wpcf7-text wpcf7-validates-as-email\" aria-required=\"true\" aria-invalid=\"false\" placeholder=\"Courriel\" value=\"\" type=\"email\" name=\"email\" \/><\/span>\n\t\t\t\t\t<\/p>\n\t\t\t\t<\/div>\n\t\t\t\t<div class=\"col-xs-12 col-sm-12  col-md-12 col-lg-12\">\n\t\t\t\t\t<p><span class=\"wpcf7-form-control-wrap\" data-name=\"subject\"><input size=\"40\" maxlength=\"400\" class=\"wpcf7-form-control wpcf7-text wpcf7-validates-as-required\" aria-required=\"true\" aria-invalid=\"false\" placeholder=\"Sujet\" value=\"\" type=\"text\" name=\"subject\" \/><\/span>\n\t\t\t\t\t<\/p>\n\t\t\t\t<\/div>\n\t\t\t\t<div class=\"col-xs-12 col-sm-12\">\n\t\t\t\t\t<div class=\"row\">\n\t\t\t\t\t\t<div class=\"col-xs-12 col-sm-12\">\n\t\t\t\t\t\t\t<p><span class=\"wpcf7-form-control-wrap\" data-name=\"your-message\"><textarea cols=\"40\" rows=\"10\" maxlength=\"2000\" class=\"wpcf7-form-control wpcf7-textarea\" aria-invalid=\"false\" placeholder=\"Message\" name=\"your-message\"><\/textarea><\/span>\n\t\t\t\t\t\t\t<\/p>\n\t\t\t\t\t\t\t<div class=\"pull-left\">\n\t\t\t\t\t\t\t\t<p><input class=\"wpcf7-form-control wpcf7-submit has-spinner\" type=\"submit\" value=\"Envoyer message\" \/>\n\t\t\t\t\t\t\t\t<\/p>\n\t\t\t\t\t\t\t<\/div>\n\t\t\t\t\t\t<\/div>\n\t\t\t\t\t<\/div>\n\t\t\t\t<\/div>\n\t\t\t<\/div>\n\t\t<\/div>\n\t<\/div>\n<\/div><div class=\"wpcf7-response-output\" aria-hidden=\"true\"><\/div>\n<\/form>\n<\/div>\n[\/vc_column][\/vc_row]<\/p>\n<\/div>","protected":false},"excerpt":{"rendered":"<p>[vc_row gradient_colors=\u00a0\u00bb%5B%7B%7D%5D\u00a0\u00bb css=\u00a0\u00bb.vc_custom_1505766739617{padding-bottom: 50px !important;}\u00a0\u00bb][vc_column][vc_custom_heading text=\u00a0\u00bbLA REL\u00c8VE : UN ENJEU CRUCIAL\u00a0\u00bb font_container=\u00a0\u00bbtag:h2|font_size:36|text_align:center|color:%23222222|line_height:1.5&Prime; google_fonts=\u00a0\u00bbfont_family:Raleway%3A100%2C200%2C300%2Cregular%2C500%2C600%2C700%2C800%2C900|font_style:400%20regular%3A400%3Anormal\u00a0\u00bb css=\u00a0\u00bb.vc_custom_1528302762618{padding-top: 0px !important;padding-bottom: 0px !important;}\u00a0\u00bb][vc_custom_heading text=\u00a0\u00bbContactez-nous d\u00e8s aujourd&rsquo;hui pour d\u00e9marrer votre processus de planification de la rel\u00e8ve!\u00a0\u00bb font_container=\u00a0\u00bbtag:h2|font_size:30|text_align:center|color:%231b8292|line_height:1.2&Prime; google_fonts=\u00a0\u00bbfont_family:Raleway%3A100%2C200%2C300%2Cregular%2C500%2C600%2C700%2C800%2C900|font_style:700%20bold%20regular%3A700%3Anormal\u00a0\u00bb css=\u00a0\u00bb.vc_custom_1537807994996{padding-top: 0px !important;padding-bottom: 0px !important;}\u00a0\u00bb][\/vc_column][\/vc_row][vc_row gradient_colors=\u00a0\u00bb%5B%7B%7D%5D\u00a0\u00bb css=\u00a0\u00bb.vc_custom_1505766739617{padding-bottom: 50px !important;}\u00a0\u00bb][vc_column][vc_custom_heading text=\u00a0\u00bb514 947-9134&Prime; font_container=\u00a0\u00bbtag:p|font_size:26|text_align:center|color:%23222222|line_height:1.8&Prime; google_fonts=\u00a0\u00bbfont_family:Merriweather%3A300%2C300italic%2Cregular%2Citalic%2C700%2C700italic%2C900%2C900italic|font_style:300%20light%20italic%3A300%3Aitalic\u00a0\u00bb css_animation=\u00a0\u00bbfadeInUp\u00a0\u00bb css=\u00a0\u00bb.vc_custom_1523320628290{padding-top: 30px !important;padding-bottom: 0px !important;}\u00a0\u00bb][vc_custom_heading text=\u00a0\u00bbinfo@planificationdelareleve.com\u00a0\u00bb font_container=\u00a0\u00bbtag:p|font_size:20|text_align:center|color:%23222222|line_height:1.5&Prime; google_fonts=\u00a0\u00bbfont_family:Merriweather%3A300%2C300italic%2Cregular%2Citalic%2C700%2C700italic%2C900%2C900italic|font_style:300%20light%20italic%3A300%3Aitalic\u00a0\u00bb css_animation=\u00a0\u00bbfadeInUp\u00a0\u00bb [&hellip;]<\/p>\n","protected":false},"author":3,"featured_media":11810,"parent":0,"menu_order":8,"comment_status":"closed","ping_status":"closed","template":"","meta":{"footnotes":""},"class_list":["post-1712","page","type-page","status-publish","has-post-thumbnail","hentry"],"_links":{"self":[{"href":"https:\/\/planificationdelareleve.com\/fr\/wp-json\/wp\/v2\/pages\/1712","targetHints":{"allow":["GET"]}}],"collection":[{"href":"https:\/\/planificationdelareleve.com\/fr\/wp-json\/wp\/v2\/pages"}],"about":[{"href":"https:\/\/planificationdelareleve.com\/fr\/wp-json\/wp\/v2\/types\/page"}],"author":[{"embeddable":true,"href":"https:\/\/planificationdelareleve.com\/fr\/wp-json\/wp\/v2\/users\/3"}],"replies":[{"embeddable":true,"href":"https:\/\/planificationdelareleve.com\/fr\/wp-json\/wp\/v2\/comments?post=1712"}],"version-history":[{"count":38,"href":"https:\/\/planificationdelareleve.com\/fr\/wp-json\/wp\/v2\/pages\/1712\/revisions"}],"predecessor-version":[{"id":12062,"href":"https:\/\/planificationdelareleve.com\/fr\/wp-json\/wp\/v2\/pages\/1712\/revisions\/12062"}],"wp:featuredmedia":[{"embeddable":true,"href":"https:\/\/planificationdelareleve.com\/fr\/wp-json\/wp\/v2\/media\/11810"}],"wp:attachment":[{"href":"https:\/\/planificationdelareleve.com\/fr\/wp-json\/wp\/v2\/media?parent=1712"}],"curies":[{"name":"wp","href":"https:\/\/api.w.org\/{rel}","templated":true}]}}