{"id":9964,"date":"2017-03-05T21:40:08","date_gmt":"2017-03-05T20:40:08","guid":{"rendered":"http:\/\/pro-theme.com\/wordpress\/moresa\/?page_id=9964"},"modified":"2021-03-29T12:15:32","modified_gmt":"2021-03-29T16:15:32","slug":"a-propos","status":"publish","type":"page","link":"https:\/\/planificationdelareleve.com\/fr\/a-propos\/","title":{"rendered":"\u00c0 propos"},"content":{"rendered":"<div class=\"wpb-content-wrapper\"><p>[vc_row full_width=\u00a0\u00bbstretch_row\u00a0\u00bb full_height=\u00a0\u00bbyes\u00a0\u00bb equal_height=\u00a0\u00bbyes\u00a0\u00bb content_placement=\u00a0\u00bbmiddle\u00a0\u00bb gradient_colors=\u00a0\u00bb%5B%7B%7D%5D\u00a0\u00bb css=\u00a0\u00bb.vc_custom_1523291684433{padding-top: 0px !important;padding-right: 0px !important;padding-bottom: 0px !important;padding-left: 0px !important;background-position: center !important;background-repeat: no-repeat !important;background-size: cover !important;}\u00a0\u00bb][vc_column width=\u00a0\u00bb1\/2&Prime; gradient_colors=\u00a0\u00bb%5B%7B%7D%5D\u00a0\u00bb offset=\u00a0\u00bbvc_hidden-xs\u00a0\u00bb css=\u00a0\u00bb.vc_custom_1523293790144{padding-top: 20px !important;padding-right: 30px !important;padding-bottom: 20px !important;padding-left: 20px !important;background-color: #f6f6f8 !important;}\u00a0\u00bb][vc_row_inner equal_height=\u00a0\u00bbyes\u00a0\u00bb content_placement=\u00a0\u00bbtop\u00a0\u00bb gap=\u00a0\u00bb15&Prime; css_animation=\u00a0\u00bbfadeInLeft\u00a0\u00bb gradient_colors=\u00a0\u00bb%5B%7B%7D%5D\u00a0\u00bb css=\u00a0\u00bb.vc_custom_1523293799454{padding-bottom: 20px !important;}\u00a0\u00bb][vc_column_inner width=\u00a0\u00bb1\/2&Prime; css=\u00a0\u00bb.vc_custom_1523293214821{padding-left: 30px !important;}\u00a0\u00bb][vc_custom_heading text=\u00a0\u00bbNotre approche\u00a0\u00bb font_container=\u00a0\u00bbtag:h4|font_size:26|text_align:left|color:%23222222|line_height:1.9&Prime; use_theme_fonts=\u00a0\u00bbyes\u00a0\u00bb css=\u00a0\u00bb.vc_custom_1523293669466{padding-top: 0px !important;padding-right: 10px !important;padding-bottom: 30px !important;padding-left: 10px !important;}\u00a0\u00bb][vc_custom_heading text=\u00a0\u00bb<b>strat\u00e9gique<\/b>, <b>humaine<\/b> et <b>globale<\/b>, nous am\u00e8ne \u00e0 toujours vouloir d\u00e9passer vos attentes.<br \/>\n\u00a0\u00bb font_container=\u00a0\u00bbtag:p|font_size:16|text_align:left|color:%23222222&Prime; use_theme_fonts=\u00a0\u00bbyes\u00a0\u00bb css=\u00a0\u00bb.vc_custom_1523812170475{padding-top: 0px !important;padding-right: 10px !important;padding-bottom: 20px !important;padding-left: 10px !important;}\u00a0\u00bb][vc_custom_heading text=\u00a0\u00bbNotre secret\u00a0\u00bb font_container=\u00a0\u00bbtag:h4|font_size:26|text_align:left|color:%23222222|line_height:1.9&Prime; use_theme_fonts=\u00a0\u00bbyes\u00a0\u00bb css=\u00a0\u00bb.vc_custom_1523293681121{padding-top: 0px !important;padding-right: 10px !important;padding-bottom: 30px !important;padding-left: 10px !important;}\u00a0\u00bb][vc_custom_heading text=\u00a0\u00bb<b>Rigueur<\/b>, <b>profondeur<\/b>, <b>transparence<\/b>.<\/p>\n<p>\u00a0\u00bb font_container=\u00a0\u00bbtag:p|font_size:16|text_align:left|color:%23222222&Prime; use_theme_fonts=\u00a0\u00bbyes\u00a0\u00bb css=\u00a0\u00bb.vc_custom_1523293325912{padding-top: 0px !important;padding-right: 10px !important;padding-bottom: 0px !important;padding-left: 10px !important;}\u00a0\u00bb][\/vc_column_inner][vc_column_inner width=\u00a0\u00bb1\/2&Prime;][vc_column_text css=\u00a0\u00bb.vc_custom_1617034252431{padding-top: 0px !important;padding-right: 10px !important;padding-bottom: 0px !important;padding-left: 10px !important;}\u00a0\u00bb]<\/p>\n<h4 class=\"p1\">Diligence<\/h4>\n<p class=\"p2\">Soucieuse d\u2019offrir un service \u00e0 la client\u00e8le professionnel, impeccable et exceptionnel, l&rsquo;\u00e9quipe de Richard B\u00e9langer Consultant voit \u00e0 long terme, et de mani\u00e8re juste. Elle ex\u00e9cute ses mandats avec d\u00e9vouement, attention et pr\u00e9voyance. Elle fait plus que r\u00e9pondre aux besoins et d\u00e9passe sans cesse les attentes.<\/p>\n<p>[\/vc_column_text][\/vc_column_inner][\/vc_row_inner][\/vc_column][vc_column width=\u00a0\u00bb1\/2&Prime; gradient_colors=\u00a0\u00bb%5B%7B%7D%5D\u00a0\u00bb offset=\u00a0\u00bbvc_hidden-xs\u00a0\u00bb css=\u00a0\u00bb.vc_custom_1536343134523{padding-top: 20px !important;padding-right: 20px !important;padding-bottom: 20px !important;padding-left: 30px !important;background-color: #1b8292 !important;}\u00a0\u00bb][vc_row_inner equal_height=\u00a0\u00bbyes\u00a0\u00bb content_placement=\u00a0\u00bbtop\u00a0\u00bb gap=\u00a0\u00bb15&Prime; css_animation=\u00a0\u00bbfadeInRight\u00a0\u00bb gradient_colors=\u00a0\u00bb%5B%7B%7D%5D\u00a0\u00bb css=\u00a0\u00bb.vc_custom_1523293806648{padding-bottom: 20px !important;}\u00a0\u00bb][vc_column_inner width=\u00a0\u00bb1\/2&Prime;][vc_column_text css=\u00a0\u00bb.vc_custom_1537973449672{padding-top: 0px !important;padding-right: 10px !important;padding-bottom: 0px !important;padding-left: 10px !important;}\u00a0\u00bb]<\/p>\n<h4 class=\"p1\" style=\"color: white;\">Int\u00e9grit\u00e9<\/h4>\n<p class=\"p2\" style=\"color: white;\">Dans un monde d\u2019affaires o\u00f9 l\u2019int\u00e9grit\u00e9 est de plus en plus importante, RB Consultant a fait de celle-ci son fer de lance. Conforme \u00e0 ses valeurs, elle agit avec de bonnes intentions, en toute honn\u00eatet\u00e9 et \u00e9quit\u00e9, en pla\u00e7ant ses clients avant tout.<\/p>\n<p>[\/vc_column_text][\/vc_column_inner][vc_column_inner width=\u00a0\u00bb1\/2&Prime; css=\u00a0\u00bb.vc_custom_1523293222911{padding-right: 30px !important;}\u00a0\u00bb][vc_column_text css=\u00a0\u00bb.vc_custom_1537973430366{padding-right: 10px !important;padding-left: 10px !important;}\u00a0\u00bb]<\/p>\n<h4 class=\"p1\" style=\"color: white;\">Transparence<\/h4>\n<p class=\"p2\" style=\"color: white;\">RB Consultant favorise une approche franche, honn\u00eate et respectueuse. Elle donne l\u2019heure juste \u00e0 ses clients qu\u2019il s\u2019agisse d\u2019un diagnostic de votre plan de rel\u00e8ve ou de la r\u00e9alit\u00e9 du march\u00e9. RB Consultant encourage une communication authentique qui pr\u00f4ne la v\u00e9rit\u00e9.<\/p>\n<p>[\/vc_column_text][\/vc_column_inner][\/vc_row_inner][\/vc_column][\/vc_row][vc_row][vc_column][vc_empty_space height=\u00a0\u00bb45px\u00a0\u00bb][\/vc_column][\/vc_row][vc_row content_placement=\u00a0\u00bbtop\u00a0\u00bb gradient_colors=\u00a0\u00bb%5B%7B%7D%5D\u00a0\u00bb][vc_column width=\u00a0\u00bb2\/3&Prime; gradient_colors=\u00a0\u00bb%5B%7B%7D%5D\u00a0\u00bb css=\u00a0\u00bb.vc_custom_1516337319560{padding-right: 60px !important;padding-left: 60px !important;}\u00a0\u00bb][vc_custom_heading text=\u00a0\u00bbRichard\u00a0\u00bb font_container=\u00a0\u00bbtag:h1|font_size:40|text_align:left|color:%23222222|line_height:1.1&Prime; google_fonts=\u00a0\u00bbfont_family:Raleway%3A100%2C200%2C300%2Cregular%2C500%2C600%2C700%2C800%2C900|font_style:400%20regular%3A400%3Anormal\u00a0\u00bb el_class=\u00a0\u00bbtop-decore\u00a0\u00bb css=\u00a0\u00bb.vc_custom_1523291472751{padding-top: 0px !important;padding-bottom: 0px !important;}\u00a0\u00bb][vc_custom_heading text=\u00a0\u00bbB\u00e9langer\u00a0\u00bb font_container=\u00a0\u00bbtag:h1|font_size:52|text_align:left|color:%231b8292|line_height:1.1&Prime; google_fonts=\u00a0\u00bbfont_family:Raleway%3A100%2C200%2C300%2Cregular%2C500%2C600%2C700%2C800%2C900|font_style:700%20bold%20regular%3A700%3Anormal\u00a0\u00bb css=\u00a0\u00bb.vc_custom_1536343169125{padding-top: 0px !important;padding-bottom: 0px !important;}\u00a0\u00bb el_class=\u00a0\u00bbdecor-right\u00a0\u00bb][vc_empty_space height=\u00a0\u00bb45px\u00a0\u00bb][vc_custom_heading text=\u00a0\u00bbRichard B\u00e9langer est un consultant s\u00e9nior qui poss\u00e8de une vaste exp\u00e9rience de gestionnaire de haut niveau dont plus de 20 ans dans le domaine du recrutement ex\u00e9cutif.\u00a0\u00bb font_container=\u00a0\u00bbtag:p|font_size:16|text_align:left|color:%23222222|line_height:1.9&Prime; google_fonts=\u00a0\u00bbfont_family:Merriweather%3A300%2C300italic%2Cregular%2Citalic%2C700%2C700italic%2C900%2C900italic|font_style:300%20light%20italic%3A300%3Aitalic\u00a0\u00bb css=\u00a0\u00bb.vc_custom_1617034280848{padding-top: 30px !important;padding-bottom: 0px !important;}\u00a0\u00bb][vc_custom_heading text=\u00a0\u00bbSon parcours de dirigeant d\u2019entreprises, de gestionnaire d\u2019\u00e9quipes et de d\u00e9veloppeur en a fait un partenaire d\u2019affaires exp\u00e9riment\u00e9 dont la vision et la capacit\u00e9 d\u2019analyse contribuent au d\u00e9veloppement d\u2019une strat\u00e9gie \u00e9prouv\u00e9e de d\u00e9veloppement du capital humain.\u00a0\u00bb font_container=\u00a0\u00bbtag:p|font_size:16|text_align:left|color:%23222222|line_height:1.9&Prime; google_fonts=\u00a0\u00bbfont_family:Merriweather%3A300%2C300italic%2Cregular%2Citalic%2C700%2C700italic%2C900%2C900italic|font_style:300%20light%20italic%3A300%3Aitalic\u00a0\u00bb css=\u00a0\u00bb.vc_custom_1518989571820{padding-top: 10px !important;padding-bottom: 0px !important;}\u00a0\u00bb][vc_custom_heading text=\u00a0\u00bbC\u2019est en 1999 \u00e0 Toronto, que Richard B\u00e9langer <b>cr\u00e9e son entreprise de recrutement ex\u00e9cutif<\/b>, Richard B\u00e9langer &amp; associ\u00e9s, pour ensuite ouvrir un bureau \u00e0 Montr\u00e9al en 2001. Il a effectu\u00e9 plus de <b>350 mandats<\/b>, autant pour des <b>PME<\/b> que pour des <b>multinationales<\/b>, dans presque tous les secteurs et industries.\u00a0\u00bb font_container=\u00a0\u00bbtag:p|font_size:16|text_align:left|color:%23222222|line_height:1.9&Prime; google_fonts=\u00a0\u00bbfont_family:Merriweather%3A300%2C300italic%2Cregular%2Citalic%2C700%2C700italic%2C900%2C900italic|font_style:300%20light%20italic%3A300%3Aitalic\u00a0\u00bb css=\u00a0\u00bb.vc_custom_1523813117367{padding-top: 10px !important;padding-bottom: 0px !important;}\u00a0\u00bb][vc_custom_heading text=\u00a0\u00bbAuparavant, il \u00e9tait <b>pr\u00e9sident<\/b> d\u2019une filiale au sein d\u2019un important d\u00e9taillant et distributeur comptant plus de 800 employ\u00e9s. Il a \u00e9galement occup\u00e9 d\u2019importantes fonctions en tant que membre de l\u2019\u00e9quipe de direction de ce chef de file canadien dans le domaine des produits de consommation.\u00a0\u00bb font_container=\u00a0\u00bbtag:p|font_size:16|text_align:left|color:%23222222|line_height:1.9&Prime; google_fonts=\u00a0\u00bbfont_family:Merriweather%3A300%2C300italic%2Cregular%2Citalic%2C700%2C700italic%2C900%2C900italic|font_style:300%20light%20italic%3A300%3Aitalic\u00a0\u00bb css=\u00a0\u00bb.vc_custom_1523813143050{padding-top: 10px !important;padding-bottom: 0px !important;}\u00a0\u00bb][vc_custom_heading text=\u00a0\u00bbEn 2013, il s\u2019est joint \u00e0 Leaders International, une firme sp\u00e9cialis\u00e9e dans le recrutement, tant au niveau des conseils d\u2019administration que de la <b>succession du leadership<\/b> et de <b>hauts dirigeants<\/b>. \u00a0\u00bb font_container=\u00a0\u00bbtag:p|font_size:16|text_align:left|color:%23222222|line_height:1.9&Prime; google_fonts=\u00a0\u00bbfont_family:Merriweather%3A300%2C300italic%2Cregular%2Citalic%2C700%2C700italic%2C900%2C900italic|font_style:300%20light%20italic%3A300%3Aitalic\u00a0\u00bb css=\u00a0\u00bb.vc_custom_1537806844963{padding-top: 10px !important;padding-bottom: 0px !important;}\u00a0\u00bb][vc_custom_heading text=\u00a0\u00bbLe r\u00e9seau international dont fait partie cette firme qui dispose de bureaux \u00e0 travers le pays permet \u00e0 Richard B\u00e9langer de partager sa riche exp\u00e9rience du monde de l\u2019emploi, de ses probl\u00e9matiques et de ses d\u00e9fis, tant sur le <b>plan national qu\u2019international<\/b>.\u00a0\u00bb font_container=\u00a0\u00bbtag:p|font_size:16|text_align:left|color:%23222222|line_height:1.9&Prime; google_fonts=\u00a0\u00bbfont_family:Merriweather%3A300%2C300italic%2Cregular%2Citalic%2C700%2C700italic%2C900%2C900italic|font_style:300%20light%20italic%3A300%3Aitalic\u00a0\u00bb css=\u00a0\u00bb.vc_custom_1523813077257{padding-top: 10px !important;padding-bottom: 0px !important;}\u00a0\u00bb][\/vc_column][vc_column width=\u00a0\u00bb1\/3&Prime;][m_image type=\u00a0\u00bb2&Prime; cut_corner=\u00a0\u00bbleft-bottom\u00a0\u00bb image=\u00a0\u00bb11239&Prime;][\/m_image][vc_empty_space height=\u00a0\u00bb45px\u00a0\u00bb][\/vc_column][\/vc_row][vc_row gradient_colors=\u00a0\u00bb%5B%7B%7D%5D\u00a0\u00bb][vc_column][vc_row_inner][vc_column_inner width=\u00a0\u00bb1\/3&Prime; css=\u00a0\u00bb.vc_custom_1518990864415{padding-left: 35px !important;}\u00a0\u00bb][common_amount_box title=\u00a0\u00bbMandats\u00a0\u00bb icon_pixcustom1=\u00a0\u00bbicon_documents_alt\u00a0\u00bb amount=\u00a0\u00bb350&Prime; css_animation=\u00a0\u00bbfadeInUp\u00a0\u00bb animation_settings=\u00a0\u00bbcustom\u00a0\u00bb wow_delay=\u00a0\u00bb0.3&Prime; icon_pixsimple=\u00a0\u00bbicon-diamond\u00a0\u00bb][\/vc_column_inner][vc_column_inner width=\u00a0\u00bb1\/3&Prime;][common_amount_box title=\u00a0\u00bbans en tant que pr\u00e9sident\u00a0\u00bb type=\u00a0\u00bbpixcustom3&Prime; icon_pixcustom3=\u00a0\u00bbflaticon-018-office-chair\u00a0\u00bb amount=\u00a0\u00bb22&Prime; css_animation=\u00a0\u00bbfadeInUp\u00a0\u00bb animation_settings=\u00a0\u00bbcustom\u00a0\u00bb wow_delay=\u00a0\u00bb0.6&Prime; icon_pixsimple=\u00a0\u00bbicon-user\u00a0\u00bb][\/vc_column_inner][vc_column_inner width=\u00a0\u00bb1\/3&Prime;][common_amount_box title=\u00a0\u00bbans en recrutement ex\u00e9cutif\u00a0\u00bb type=\u00a0\u00bbpixcustom3&Prime; icon_pixcustom3=\u00a0\u00bbflaticon-002-target\u00a0\u00bb amount=\u00a0\u00bbPlus de 20&Prime; css_animation=\u00a0\u00bbfadeInUp\u00a0\u00bb animation_settings=\u00a0\u00bbcustom\u00a0\u00bb wow_delay=\u00a0\u00bb0.9&Prime; icon_pixsimple=\u00a0\u00bbicon-star\u00a0\u00bb][\/vc_column_inner][\/vc_row_inner][\/vc_column][\/vc_row][vc_row content_placement=\u00a0\u00bbtop\u00a0\u00bb gradient_colors=\u00a0\u00bb%5B%7B%7D%5D\u00a0\u00bb][vc_column width=\u00a0\u00bb1\/2&Prime; gradient_colors=\u00a0\u00bb%5B%7B%7D%5D\u00a0\u00bb css=\u00a0\u00bb.vc_custom_1516337319560{padding-right: 60px !important;padding-left: 60px !important;}\u00a0\u00bb][vc_empty_space height=\u00a0\u00bb45px\u00a0\u00bb][m_image type=\u00a0\u00bb2&Prime; cut_corner=\u00a0\u00bbleft-bottom\u00a0\u00bb image=\u00a0\u00bb11036&Prime;][\/m_image][vc_empty_space height=\u00a0\u00bb45px\u00a0\u00bb][\/vc_column][vc_column width=\u00a0\u00bb1\/2&Prime; gradient_colors=\u00a0\u00bb%5B%7B%7D%5D\u00a0\u00bb css=\u00a0\u00bb.vc_custom_1523293866521{padding-right: 15px !important;}\u00a0\u00bb][vc_empty_space height=\u00a0\u00bb45px\u00a0\u00bb][vc_custom_heading text=\u00a0\u00bbRichard a si\u00e9g\u00e9 en tant que vice-pr\u00e9sident sur le <b>conseil d\u2019administration de la Fondation de la GRC<\/b> ainsi qu&rsquo;\u00e0 titre de pr\u00e9sident du <b>conseil d&rsquo;administration de Magog Technopole<\/b>.\u00a0\u00bb font_container=\u00a0\u00bbtag:p|font_size:16|text_align:left|color:%23222222|line_height:1.9&Prime; google_fonts=\u00a0\u00bbfont_family:Merriweather%3A300%2C300italic%2Cregular%2Citalic%2C700%2C700italic%2C900%2C900italic|font_style:300%20light%20italic%3A300%3Aitalic\u00a0\u00bb css=\u00a0\u00bb.vc_custom_1617034463274{padding-top: 10px !important;padding-bottom: 0px !important;}\u00a0\u00bb][vc_custom_heading text=\u00a0\u00bbComprendre les enjeux de la rel\u00e8ve en entreprise, la valeur ajout\u00e9e de la r\u00e9tention du personnel et de l\u2019importance de d\u00e9velopper un r\u00e9seau de contacts solide et durable deviennent pour lui des th\u00e8mes importants \u00e0 traiter avec tous les intervenants du milieu du travail.\u00a0\u00bb font_container=\u00a0\u00bbtag:p|font_size:16|text_align:left|color:%23222222|line_height:1.9&Prime; google_fonts=\u00a0\u00bbfont_family:Merriweather%3A300%2C300italic%2Cregular%2Citalic%2C700%2C700italic%2C900%2C900italic|font_style:300%20light%20italic%3A300%3Aitalic\u00a0\u00bb css=\u00a0\u00bb.vc_custom_1537973554909{padding-top: 10px !important;padding-bottom: 0px !important;}\u00a0\u00bb][vc_custom_heading text=\u00a0\u00bbRichard B\u00e9langer a d\u00e9velopp\u00e9 un vaste r\u00e9seau bas\u00e9 sur ses valeurs personnelles qui sont l\u2019<b>authenticit\u00e9<\/b>, la <b>rigueur<\/b> et le <b>sens de l\u2019\u00e9thique<\/b>. Ses comp\u00e9tences relationnelles et sa capacit\u00e9 d\u2019\u00e9coute active combin\u00e9es \u00e0 son courage manag\u00e9rial lui ont \u00e9galement permis de d\u00e9velopper une pratique en tant que coach ex\u00e9cutif.\u00a0\u00bb font_container=\u00a0\u00bbtag:p|font_size:16|text_align:left|color:%23222222|line_height:1.9&Prime; google_fonts=\u00a0\u00bbfont_family:Merriweather%3A300%2C300italic%2Cregular%2Citalic%2C700%2C700italic%2C900%2C900italic|font_style:300%20light%20italic%3A300%3Aitalic\u00a0\u00bb css=\u00a0\u00bb.vc_custom_1617034529890{padding-top: 10px !important;padding-bottom: 0px !important;}\u00a0\u00bb][\/vc_column][\/vc_row][vc_row][vc_column][vc_empty_space height=\u00a0\u00bb50px\u00a0\u00bb][vc_row_inner equal_height=\u00a0\u00bbyes\u00a0\u00bb gap=\u00a0\u00bb30&Prime; gradient_colors=\u00a0\u00bb%5B%7B%7D%5D\u00a0\u00bb][vc_column_inner width=\u00a0\u00bb1\/2&Prime;][m_feature_info type=\u00a0\u00bbpixcustom4&Prime; title=\u00a0\u00bbNos partenaires\u00a0\u00bb]Nous collaborons\u00a0\u00e9troitement avec\u00a0nos partenaires,<br \/>\nafin de vous offrir un service complet et professionnel.[\/m_feature_info][\/vc_column_inner][vc_column_inner width=\u00a0\u00bb1\/4&Prime;][vc_single_image image=\u00a0\u00bb11621&Prime; img_size=\u00a0\u00bbfull\u00a0\u00bb alignment=\u00a0\u00bbcenter\u00a0\u00bb onclick=\u00a0\u00bbcustom_link\u00a0\u00bb img_link_target=\u00a0\u00bb_blank\u00a0\u00bb link=\u00a0\u00bbhttp:\/\/www.leadersinternational.com\/\u00a0\u00bb][\/vc_column_inner][vc_column_inner width=\u00a0\u00bb1\/4&Prime;][vc_single_image image=\u00a0\u00bb10756&Prime; img_size=\u00a0\u00bbfull\u00a0\u00bb alignment=\u00a0\u00bbcenter\u00a0\u00bb onclick=\u00a0\u00bbcustom_link\u00a0\u00bb img_link_target=\u00a0\u00bb_blank\u00a0\u00bb link=\u00a0\u00bbhttp:\/\/www.anima-conferences-formations.com\/\u00a0\u00bb][\/vc_column_inner][\/vc_row_inner][\/vc_column][\/vc_row]<\/p>\n<\/div>","protected":false},"excerpt":{"rendered":"<p>[vc_row full_width=\u00a0\u00bbstretch_row\u00a0\u00bb full_height=\u00a0\u00bbyes\u00a0\u00bb equal_height=\u00a0\u00bbyes\u00a0\u00bb content_placement=\u00a0\u00bbmiddle\u00a0\u00bb gradient_colors=\u00a0\u00bb%5B%7B%7D%5D\u00a0\u00bb css=\u00a0\u00bb.vc_custom_1523291684433{padding-top: 0px !important;padding-right: 0px !important;padding-bottom: 0px !important;padding-left: 0px !important;background-position: center !important;background-repeat: no-repeat !important;background-size: cover !important;}\u00a0\u00bb][vc_column width=\u00a0\u00bb1\/2&Prime; gradient_colors=\u00a0\u00bb%5B%7B%7D%5D\u00a0\u00bb offset=\u00a0\u00bbvc_hidden-xs\u00a0\u00bb css=\u00a0\u00bb.vc_custom_1523293790144{padding-top: 20px !important;padding-right: 30px !important;padding-bottom: 20px !important;padding-left: 20px !important;background-color: #f6f6f8 !important;}\u00a0\u00bb][vc_row_inner equal_height=\u00a0\u00bbyes\u00a0\u00bb content_placement=\u00a0\u00bbtop\u00a0\u00bb gap=\u00a0\u00bb15&Prime; css_animation=\u00a0\u00bbfadeInLeft\u00a0\u00bb gradient_colors=\u00a0\u00bb%5B%7B%7D%5D\u00a0\u00bb css=\u00a0\u00bb.vc_custom_1523293799454{padding-bottom: 20px !important;}\u00a0\u00bb][vc_column_inner width=\u00a0\u00bb1\/2&Prime; css=\u00a0\u00bb.vc_custom_1523293214821{padding-left: 30px !important;}\u00a0\u00bb][vc_custom_heading text=\u00a0\u00bbNotre approche\u00a0\u00bb font_container=\u00a0\u00bbtag:h4|font_size:26|text_align:left|color:%23222222|line_height:1.9&Prime; use_theme_fonts=\u00a0\u00bbyes\u00a0\u00bb css=\u00a0\u00bb.vc_custom_1523293669466{padding-top: 0px !important;padding-right: 10px [&hellip;]<\/p>\n","protected":false},"author":3,"featured_media":11808,"parent":0,"menu_order":5,"comment_status":"closed","ping_status":"closed","template":"","meta":{"footnotes":""},"class_list":["post-9964","page","type-page","status-publish","has-post-thumbnail","hentry"],"_links":{"self":[{"href":"https:\/\/planificationdelareleve.com\/fr\/wp-json\/wp\/v2\/pages\/9964","targetHints":{"allow":["GET"]}}],"collection":[{"href":"https:\/\/planificationdelareleve.com\/fr\/wp-json\/wp\/v2\/pages"}],"about":[{"href":"https:\/\/planificationdelareleve.com\/fr\/wp-json\/wp\/v2\/types\/page"}],"author":[{"embeddable":true,"href":"https:\/\/planificationdelareleve.com\/fr\/wp-json\/wp\/v2\/users\/3"}],"replies":[{"embeddable":true,"href":"https:\/\/planificationdelareleve.com\/fr\/wp-json\/wp\/v2\/comments?post=9964"}],"version-history":[{"count":140,"href":"https:\/\/planificationdelareleve.com\/fr\/wp-json\/wp\/v2\/pages\/9964\/revisions"}],"predecessor-version":[{"id":12043,"href":"https:\/\/planificationdelareleve.com\/fr\/wp-json\/wp\/v2\/pages\/9964\/revisions\/12043"}],"wp:featuredmedia":[{"embeddable":true,"href":"https:\/\/planificationdelareleve.com\/fr\/wp-json\/wp\/v2\/media\/11808"}],"wp:attachment":[{"href":"https:\/\/planificationdelareleve.com\/fr\/wp-json\/wp\/v2\/media?parent=9964"}],"curies":[{"name":"wp","href":"https:\/\/api.w.org\/{rel}","templated":true}]}}